{"id":473,"date":"2017-08-01T10:11:36","date_gmt":"2017-08-01T07:11:36","guid":{"rendered":"http:\/\/demo.tanir.com.tr\/akboru\/?post_type=product&#038;p=473"},"modified":"2018-11-08T18:18:53","modified_gmt":"2018-11-08T15:18:53","slug":"al-4231-h-power","status":"publish","type":"product","link":"https:\/\/www.akboru.com\/en\/product\/al-4231-h-power\/","title":{"rendered":"AL 4231-H POWER"},"content":{"rendered":"<div class=\"bir\" align=\"left\">\n<b>Bulb<\/b><br \/>\n<b><\/b><br \/>\n<b>Colour<\/b><br \/>\n<b>Volt<\/b><br \/>\n<b>Watt<\/b><br \/>\n<b><\/b><br \/>\n<b>Package<\/b><\/div>\n<div class=\"iki\" align=\"left\">:9&#215;1 W power led<br \/>\n9&#215;3 W power led<br \/>\n:White, Warm white, Blue, Green, Red, RGB<br \/>\n:DC 12 V<br \/>\n:9&#215;1 W<br \/>\n9&#215;3 W<br \/>\n:12 Pcs\n<\/div>\n<div class=\"uc\" align=\"left\">\n<b>Specifications<\/b><br \/>\nThermal resin body<br \/>\nTempered glass, RGB full colour<br \/>\nUnderwater lighting\n<\/div>\n<div class=\"gorsel2\" align=\"left\"><img \/><\/div>\n","protected":false},"excerpt":{"rendered":"<p><img loading=\"lazy\" class=\"alignnone size-medium wp-image-1830\" src=\"http:\/\/www.akboru.com\/en\/wp-content\/uploads\/sites\/2\/2017\/08\/AL-4231-TEKN\u0130K-\u00c7\u0130Z\u0130M.jpg\" alt=\"\" width=\"280\" height=\"300\" \/><\/p>\n","protected":false},"featured_media":2791,"comment_status":"closed","ping_status":"closed","template":"","meta":[],"_links":{"self":[{"href":"https:\/\/www.akboru.com\/en\/wp-json\/wp\/v2\/product\/473"}],"collection":[{"href":"https:\/\/www.akboru.com\/en\/wp-json\/wp\/v2\/product"}],"about":[{"href":"https:\/\/www.akboru.com\/en\/wp-json\/wp\/v2\/types\/product"}],"replies":[{"embeddable":true,"href":"https:\/\/www.akboru.com\/en\/wp-json\/wp\/v2\/comments?post=473"}],"wp:featuredmedia":[{"embeddable":true,"href":"https:\/\/www.akboru.com\/en\/wp-json\/wp\/v2\/media\/2791"}],"wp:attachment":[{"href":"https:\/\/www.akboru.com\/en\/wp-json\/wp\/v2\/media?parent=473"}],"curies":[{"name":"wp","href":"https:\/\/api.w.org\/{rel}","templated":true}]}}