{"id":478,"date":"2017-08-01T10:24:57","date_gmt":"2017-08-01T07:24:57","guid":{"rendered":"http:\/\/demo.tanir.com.tr\/akboru\/?post_type=product&#038;p=478"},"modified":"2022-11-03T15:25:23","modified_gmt":"2022-11-03T12:25:23","slug":"al-3125","status":"publish","type":"product","link":"https:\/\/www.akboru.com\/en\/product\/al-3125\/","title":{"rendered":"AL 3125"},"content":{"rendered":"<div class=\"bir\" align=\"left\">\n<b>Bulb<\/b><br \/>\n<b>Led Colour<\/b><br \/>\n<b>Body<\/b><br \/>\n<b>Volt<\/b><br \/>\n<b>Watt<\/b><br \/>\n<b>Package<\/b><br \/>\n<b>Package Kgs<\/b><\/div>\n<div class=\"iki\" align=\"left\">:3W power led<br \/>\n:White, Warm white, Blue, Green, Red, Ambergris<br \/>\n:316L quality stainless steel body and brass nut<br \/>\n:DC 12 V<br \/>\n:3 W<br \/>\n:1 Pcs<br \/>\n:0,91 kg\n<\/div>\n<div class=\"uc\" align=\"left\">\n<b>Specifications<\/b><br \/>\nStainless steel body<br \/>\nBrass Nut<br \/>\nTempered glass<br \/>\nIP 68 protected<br \/>\nSimple installation for liner pools and jacuzzi\n<\/div>\n<div class=\"gorsel1\" align=\"left\"><img loading=\"lazy\" src=\"http:\/\/www.akboru.com\/wp-content\/uploads\/2017\/08\/Su-amp\u00fclleri-ger-d\u00f6n\u00fc\u015f\u00fcml\u00fc-AL-3125.jpg\" width=\"250\" height=\"25\" \/><\/div>\n","protected":false},"excerpt":{"rendered":"<p><img class=\"\" src=\"http:\/\/www.akboru.com\/wp-content\/uploads\/2017\/08\/AL-3125-TEKN\u0130K.jpg\" \/><\/p>\n","protected":false},"featured_media":2519,"comment_status":"closed","ping_status":"closed","template":"","meta":[],"_links":{"self":[{"href":"https:\/\/www.akboru.com\/en\/wp-json\/wp\/v2\/product\/478"}],"collection":[{"href":"https:\/\/www.akboru.com\/en\/wp-json\/wp\/v2\/product"}],"about":[{"href":"https:\/\/www.akboru.com\/en\/wp-json\/wp\/v2\/types\/product"}],"replies":[{"embeddable":true,"href":"https:\/\/www.akboru.com\/en\/wp-json\/wp\/v2\/comments?post=478"}],"wp:featuredmedia":[{"embeddable":true,"href":"https:\/\/www.akboru.com\/en\/wp-json\/wp\/v2\/media\/2519"}],"wp:attachment":[{"href":"https:\/\/www.akboru.com\/en\/wp-json\/wp\/v2\/media?parent=478"}],"curies":[{"name":"wp","href":"https:\/\/api.w.org\/{rel}","templated":true}]}}