{"id":496,"date":"2017-08-01T10:45:15","date_gmt":"2017-08-01T07:45:15","guid":{"rendered":"http:\/\/demo.tanir.com.tr\/akboru\/?post_type=product&#038;p=496"},"modified":"2017-10-03T22:21:34","modified_gmt":"2017-10-03T19:21:34","slug":"al-s3625","status":"publish","type":"product","link":"https:\/\/www.akboru.com\/en\/product\/al-s3625\/","title":{"rendered":"AL S3625"},"content":{"rendered":"<div class=\"bir\" align=\"left\">\n<b>Led<\/b><br \/>\n<b><\/b><br \/>\n<b>Led colour<\/b><br \/>\n<b>Volt<\/b><br \/>\n<b>Watt<\/b><br \/>\n<b><\/b><br \/>\n<b>Package<\/b><br \/>\n<b>Package Size<\/b>\n<\/div>\n<div class=\"iki\" align=\"left\">:9&#215;1 W power led<br \/>\n 12&#215;1 W power led<br \/>\n:White, Warm white, Blue, Ambergris, Green, Red, RGB<br \/>\n:DC 12 V<br \/>\n:9&#215;1 W veya 12&#215;1 W<br \/>\n9&#215;3 W veya 12&#215;3 W full colour RGB<br \/>\n:1 Pcs<br \/>\n:0,90 Kgs\n<\/div>\n<div class=\"uc\" align=\"left\">\n<b>Specifications<\/b><br \/>\n316L quality stainless steel body<br \/>\nTempered glass<br \/>\nRGB full colour<br \/>\nIP 68 protected<br \/>\nUnderwater lighting\n<\/div>\n<div class=\"gorsel1\" align=\"left\"><img loading=\"lazy\" src=\"http:\/\/demo.tanir.com.tr\/akboru\/wp-content\/uploads\/2017\/08\/Su-amp\u00fclleri-ger-d\u00f6n\u00fc\u015f\u00fcml\u00fc-AL-3125.jpg\" width=\"250\" height=\"25\" \/><\/div>\n","protected":false},"excerpt":{"rendered":"<p><img loading=\"lazy\" class=\"alignnone size-medium wp-image-1830\" src=\"http:\/\/www.akboru.com\/en\/wp-content\/uploads\/sites\/2\/2017\/08\/s3625-teknik-resim.jpg\" alt=\"\" width=\"280\" height=\"300\" \/><\/p>\n","protected":false},"featured_media":2472,"comment_status":"closed","ping_status":"closed","template":"","meta":[],"_links":{"self":[{"href":"https:\/\/www.akboru.com\/en\/wp-json\/wp\/v2\/product\/496"}],"collection":[{"href":"https:\/\/www.akboru.com\/en\/wp-json\/wp\/v2\/product"}],"about":[{"href":"https:\/\/www.akboru.com\/en\/wp-json\/wp\/v2\/types\/product"}],"replies":[{"embeddable":true,"href":"https:\/\/www.akboru.com\/en\/wp-json\/wp\/v2\/comments?post=496"}],"wp:featuredmedia":[{"embeddable":true,"href":"https:\/\/www.akboru.com\/en\/wp-json\/wp\/v2\/media\/2472"}],"wp:attachment":[{"href":"https:\/\/www.akboru.com\/en\/wp-json\/wp\/v2\/media?parent=496"}],"curies":[{"name":"wp","href":"https:\/\/api.w.org\/{rel}","templated":true}]}}