{"id":540,"date":"2017-08-01T10:57:14","date_gmt":"2017-08-01T07:57:14","guid":{"rendered":"http:\/\/demo.tanir.com.tr\/akboru\/?post_type=product&#038;p=540"},"modified":"2017-10-03T22:21:58","modified_gmt":"2017-10-03T19:21:58","slug":"al-s1612","status":"publish","type":"product","link":"https:\/\/www.akboru.com\/en\/product\/al-s1612\/","title":{"rendered":"AL S1612"},"content":{"rendered":"<div class=\"bir\" align=\"left\">\n<b>Bulb<\/b><br \/>\n<b>Colour<\/b><br \/>\n<b>Volt<\/b><br \/>\n<b>Package<\/b><\/p>\n<\/div>\n<div class=\"iki\" align=\"left\">:G5.3 socket<br \/>\n:Chrome<br \/>\n:12 V 50W<br \/>\n:12 Pcs\n<\/div>\n<div class=\"uc\" align=\"left\">\n<b>Specifications<\/b><br \/>\nStainless Steel<br \/>\nSurface mounted\n<\/div>\n<div class=\"gorsel2\" align=\"left\"><img loading=\"lazy\" src=\"http:\/\/demo.tanir.com.tr\/akboru\/wp-content\/uploads\/2017\/08\/Su-amp\u00fclleri-ger-d\u00f6n\u00fc\u015f\u00fcml\u00fc-AL-3125.jpg\" width=\"250\" height=\"25\" \/><\/div>\n","protected":false},"excerpt":{"rendered":"<p><img loading=\"lazy\" class=\"alignnone size-medium wp-image-1830\" src=\"http:\/\/www.akboru.com\/en\/wp-content\/uploads\/sites\/2\/2017\/08\/S1612.jpg\" alt=\"\" width=\"280\" height=\"300\" \/><\/p>\n","protected":false},"featured_media":553,"comment_status":"closed","ping_status":"closed","template":"","meta":[],"_links":{"self":[{"href":"https:\/\/www.akboru.com\/en\/wp-json\/wp\/v2\/product\/540"}],"collection":[{"href":"https:\/\/www.akboru.com\/en\/wp-json\/wp\/v2\/product"}],"about":[{"href":"https:\/\/www.akboru.com\/en\/wp-json\/wp\/v2\/types\/product"}],"replies":[{"embeddable":true,"href":"https:\/\/www.akboru.com\/en\/wp-json\/wp\/v2\/comments?post=540"}],"wp:featuredmedia":[{"embeddable":true,"href":"https:\/\/www.akboru.com\/en\/wp-json\/wp\/v2\/media\/553"}],"wp:attachment":[{"href":"https:\/\/www.akboru.com\/en\/wp-json\/wp\/v2\/media?parent=540"}],"curies":[{"name":"wp","href":"https:\/\/api.w.org\/{rel}","templated":true}]}}