{"id":554,"date":"2017-08-01T11:03:54","date_gmt":"2017-08-01T08:03:54","guid":{"rendered":"http:\/\/demo.tanir.com.tr\/akboru\/?post_type=product&#038;p=554"},"modified":"2017-10-03T22:22:17","modified_gmt":"2017-10-03T19:22:17","slug":"al-3105","status":"publish","type":"product","link":"https:\/\/www.akboru.com\/en\/product\/al-3105\/","title":{"rendered":"AL 3105"},"content":{"rendered":"<div class=\"bir\" align=\"left\">\n<b>Led<\/b><br \/>\n<b>Led Colour<\/b><br \/>\n<b>Volt<\/b><br \/>\n<b>Watt<\/b><br \/>\n<b>Package<\/b><\/div>\n<div class=\"iki\" align=\"left\">:72W high power led<br \/>\n:White, Warm White, Blue, RGB<br \/>\n:DC 12 V<br \/>\n:24&#215;3 = 72W<br \/>\n:4 Pcs\n<\/div>\n<div class=\"uc\" align=\"left\">\n<b>Specifications<\/b><br \/>\n316L quality stainless steel body<br \/>\nTempered glass<br \/>\nRGB full colour<br \/>\nIP 68 protected<br \/>\nSurface mounted\n<\/div>\n<div class=\"gorsel2\" align=\"left\"><img loading=\"lazy\" src=\"http:\/\/demo.tanir.com.tr\/akboru\/wp-content\/uploads\/2017\/08\/Su-amp\u00fclleri-ger-d\u00f6n\u00fc\u015f\u00fcml\u00fc-AL-3125.jpg\" width=\"250\" height=\"25\" \/><\/div>\n","protected":false},"excerpt":{"rendered":"<p><img loading=\"lazy\" class=\"alignnone size-medium wp-image-1830\" src=\"http:\/\/www.akboru.com\/en\/wp-content\/uploads\/sites\/2\/2017\/08\/s3625-teknik-resim.jpg\" alt=\"\" width=\"280\" height=\"300\" \/><\/p>\n","protected":false},"featured_media":556,"comment_status":"closed","ping_status":"closed","template":"","meta":[],"_links":{"self":[{"href":"https:\/\/www.akboru.com\/en\/wp-json\/wp\/v2\/product\/554"}],"collection":[{"href":"https:\/\/www.akboru.com\/en\/wp-json\/wp\/v2\/product"}],"about":[{"href":"https:\/\/www.akboru.com\/en\/wp-json\/wp\/v2\/types\/product"}],"replies":[{"embeddable":true,"href":"https:\/\/www.akboru.com\/en\/wp-json\/wp\/v2\/comments?post=554"}],"wp:featuredmedia":[{"embeddable":true,"href":"https:\/\/www.akboru.com\/en\/wp-json\/wp\/v2\/media\/556"}],"wp:attachment":[{"href":"https:\/\/www.akboru.com\/en\/wp-json\/wp\/v2\/media?parent=554"}],"curies":[{"name":"wp","href":"https:\/\/api.w.org\/{rel}","templated":true}]}}