{"id":677,"date":"2017-08-02T10:30:30","date_gmt":"2017-08-02T07:30:30","guid":{"rendered":"http:\/\/demo.tanir.com.tr\/akboru\/?post_type=product&#038;p=677"},"modified":"2017-10-05T12:21:03","modified_gmt":"2017-10-05T09:21:03","slug":"al-4021-smd","status":"publish","type":"product","link":"https:\/\/www.akboru.com\/en\/product\/al-4021-smd\/","title":{"rendered":"AL 4021 SMD"},"content":{"rendered":"<div class=\"bir\" align=\"left\">\n<b>Bulb<\/b><br \/>\n<b>Colour<\/b><br \/>\n<b>Lumen<\/b><br \/>\n<b>Volt<\/b><br \/>\n<b>Watt<\/b><br \/>\n<b>Package<\/b><\/div>\n<div class=\"iki\" align=\"left\">:6&#215;1 power led<br \/>\n:White, Warm white, Blue, Green, Ambergris, RGB<br \/>\n:660 lumen<br \/>\n:200 V &#8211; 12 V<br \/>\n:6 W<br \/>\n:40 Pcs\n<\/div>\n<div class=\"uc\" align=\"left\">\n<b>Specifications<\/b><br \/>\nThe resistant to heat and impact<br \/>\nN6 body<br \/>\nTempered glass<br \/>\nRGB full colour\n<\/div>\n<div class=\"gorsel1\" align=\"left\"><img loading=\"lazy\" src=\"http:\/\/www.akboru.com\/wp-content\/uploads\/2017\/08\/AL-4201-VE-T\u00dcRLER\u0130.jpg\" width=\"250\" height=\"25\" \/><\/div>\n","protected":false},"excerpt":{"rendered":"<p><img loading=\"lazy\" class=\"alignnone size-medium wp-image-1830\" src=\"http:\/\/www.akboru.com\/en\/wp-content\/uploads\/sites\/2\/2017\/08\/AL-4021-TEKN\u0130K-\u00c7\u0130Z\u0130M.jpg\" alt=\"\" width=\"280\" height=\"300\" \/><\/p>\n","protected":false},"featured_media":678,"comment_status":"closed","ping_status":"closed","template":"","meta":[],"_links":{"self":[{"href":"https:\/\/www.akboru.com\/en\/wp-json\/wp\/v2\/product\/677"}],"collection":[{"href":"https:\/\/www.akboru.com\/en\/wp-json\/wp\/v2\/product"}],"about":[{"href":"https:\/\/www.akboru.com\/en\/wp-json\/wp\/v2\/types\/product"}],"replies":[{"embeddable":true,"href":"https:\/\/www.akboru.com\/en\/wp-json\/wp\/v2\/comments?post=677"}],"wp:featuredmedia":[{"embeddable":true,"href":"https:\/\/www.akboru.com\/en\/wp-json\/wp\/v2\/media\/678"}],"wp:attachment":[{"href":"https:\/\/www.akboru.com\/en\/wp-json\/wp\/v2\/media?parent=677"}],"curies":[{"name":"wp","href":"https:\/\/api.w.org\/{rel}","templated":true}]}}