{"id":718,"date":"2017-08-02T13:37:49","date_gmt":"2017-08-02T10:37:49","guid":{"rendered":"http:\/\/demo.tanir.com.tr\/akboru\/?post_type=product&#038;p=718"},"modified":"2017-10-05T12:28:35","modified_gmt":"2017-10-05T09:28:35","slug":"al-3075y-power","status":"publish","type":"product","link":"https:\/\/www.akboru.com\/en\/product\/al-3075y-power\/","title":{"rendered":"AL 3075Y POWER"},"content":{"rendered":"<div class=\"bir\" align=\"left\">\n<b>Bulb<\/b><br \/>\n<b>Colour<\/b><br \/>\n<b>Volt<\/b><br \/>\n<b>Watt<\/b><br \/>\n<b>Package<\/b><\/div>\n<div class=\"iki\" align=\"left\">:Power Led<br \/>\n:White, Warm white, Blue, Green, RGB<br \/>\n:220 V<br \/>\n:6 W<br \/>\n:18 Pcs\n<\/div>\n<div class=\"uc\" align=\"left\">\n<b>Specifications<\/b><br \/>\nStainles Steel<br \/>\nTempered glass<br \/>\nUnderground lighting<br \/>\nRGB full colour\n<\/div>\n<div class=\"gorsel2\" align=\"left\"><img loading=\"lazy\" src=\"http:\/\/www.akboru.com\/wp-content\/uploads\/2017\/08\/AL-3075-VE-T\u00dcRLER\u0130.jpg\" width=\"250\" height=\"25\" \/><\/div>\n","protected":false},"excerpt":{"rendered":"<p><img loading=\"lazy\" src=\"http:\/\/www.akboru.com\/en\/wp-content\/uploads\/sites\/2\/2017\/08\/AL-3075Y-TEKN\u0130K-\u00c7\u0130Z\u0130M.jpg\" alt=\"\" width=\"300\" height=\"229\" class=\"alignnone size-medium wp-image-1832\" \/><\/p>\n","protected":false},"featured_media":719,"comment_status":"closed","ping_status":"closed","template":"","meta":[],"_links":{"self":[{"href":"https:\/\/www.akboru.com\/en\/wp-json\/wp\/v2\/product\/718"}],"collection":[{"href":"https:\/\/www.akboru.com\/en\/wp-json\/wp\/v2\/product"}],"about":[{"href":"https:\/\/www.akboru.com\/en\/wp-json\/wp\/v2\/types\/product"}],"replies":[{"embeddable":true,"href":"https:\/\/www.akboru.com\/en\/wp-json\/wp\/v2\/comments?post=718"}],"wp:featuredmedia":[{"embeddable":true,"href":"https:\/\/www.akboru.com\/en\/wp-json\/wp\/v2\/media\/719"}],"wp:attachment":[{"href":"https:\/\/www.akboru.com\/en\/wp-json\/wp\/v2\/media?parent=718"}],"curies":[{"name":"wp","href":"https:\/\/api.w.org\/{rel}","templated":true}]}}