{"id":732,"date":"2017-08-02T13:57:02","date_gmt":"2017-08-02T10:57:02","guid":{"rendered":"http:\/\/demo.tanir.com.tr\/akboru\/?post_type=product&#038;p=732"},"modified":"2017-10-05T12:29:28","modified_gmt":"2017-10-05T09:29:28","slug":"al-3145k","status":"publish","type":"product","link":"https:\/\/www.akboru.com\/en\/product\/al-3145k\/","title":{"rendered":"AL 3145K"},"content":{"rendered":"<div class=\"bir\" align=\"left\">\n<b>Bulb<\/b><br \/>\n<b>Colour<\/b><br \/>\n<b>Lumen<\/b><br \/>\n<b>Volt<\/b><br \/>\n<b>Watt<\/b><br \/>\n<b>Package<\/b><\/div>\n<div class=\"iki\" align=\"left\">:12&#215;1 W power led, 12&#215;3 RGB<br \/>\n:White, Warm white, Blue, RGB<br \/>\n:1200<br \/>\n:220 V<br \/>\n:12 W<br \/>\n:20 Pcs\n<\/div>\n<div class=\"uc\" align=\"left\">\n<b>Specifications<\/b><br \/>\nThermal resin cooled body<br \/>\nTempered glass<br \/>\nRGB full colour\n<\/div>\n<div class=\"gorsel1\" align=\"left\"><img loading=\"lazy\" src=\"http:\/\/www.akboru.com\/wp-content\/uploads\/2017\/08\/AL-3075-VE-T\u00dcRLER\u0130.jpg\" width=\"250\" height=\"25\" \/><\/div>\n","protected":false},"excerpt":{"rendered":"<p><img loading=\"lazy\" src=\"http:\/\/www.akboru.com\/en\/wp-content\/uploads\/sites\/2\/2017\/08\/AL-3135k-TEKN\u0130K-\u00c7\u0130Z\u0130M.jpg\" alt=\"\" width=\"300\" height=\"229\" class=\"alignnone size-medium wp-image-1832\" \/><\/p>\n","protected":false},"featured_media":2493,"comment_status":"closed","ping_status":"closed","template":"","meta":[],"_links":{"self":[{"href":"https:\/\/www.akboru.com\/en\/wp-json\/wp\/v2\/product\/732"}],"collection":[{"href":"https:\/\/www.akboru.com\/en\/wp-json\/wp\/v2\/product"}],"about":[{"href":"https:\/\/www.akboru.com\/en\/wp-json\/wp\/v2\/types\/product"}],"replies":[{"embeddable":true,"href":"https:\/\/www.akboru.com\/en\/wp-json\/wp\/v2\/comments?post=732"}],"wp:featuredmedia":[{"embeddable":true,"href":"https:\/\/www.akboru.com\/en\/wp-json\/wp\/v2\/media\/2493"}],"wp:attachment":[{"href":"https:\/\/www.akboru.com\/en\/wp-json\/wp\/v2\/media?parent=732"}],"curies":[{"name":"wp","href":"https:\/\/api.w.org\/{rel}","templated":true}]}}