{"id":742,"date":"2017-08-02T14:12:29","date_gmt":"2017-08-02T11:12:29","guid":{"rendered":"http:\/\/demo.tanir.com.tr\/akboru\/?post_type=product&#038;p=742"},"modified":"2017-10-05T12:51:38","modified_gmt":"2017-10-05T09:51:38","slug":"al-3165-snr","status":"publish","type":"product","link":"https:\/\/www.akboru.com\/en\/product\/al-3165-snr\/","title":{"rendered":"AL 3165 SNR"},"content":{"rendered":"<div class=\"bir\" align=\"left\">\n<b>Bulb<\/b><br \/>\n<b>Colour<\/b><br \/>\n<b>Volt<\/b><br \/>\n<b>Watt<\/b><br \/>\n<b>Package<\/b><\/div>\n<div class=\"iki\" align=\"left\">:1 W SMD led<br \/>\n:White, Warm white, Blue<br \/>\n:220 V<br \/>\n:12 W<br \/>\n:30 Pcs\n<\/div>\n<div class=\"uc\" align=\"left\">\n<b>Specifications<\/b><br \/>\n304 L quality stainless<br \/>\nsteel cover<br \/>\nPolycarbonate glass<br \/>\nSensored<br \/>\nABS body\n<\/div>\n<div class=\"gorsel2\" align=\"left\"><img loading=\"lazy\" src=\"http:\/\/www.akboru.com\/wp-content\/uploads\/2017\/08\/AL-3155-AND-AL-3055.jpg\" width=\"250\" height=\"25\" \/><\/div>\n","protected":false},"excerpt":{"rendered":"<p><img loading=\"lazy\" src=\"http:\/\/www.akboru.com\/en\/wp-content\/uploads\/sites\/2\/2017\/08\/AL-3155Y-TEKN\u0130K-\u00c7\u0130Z\u0130M.jpg\" alt=\"\" width=\"300\" height=\"229\" class=\"alignnone size-medium wp-image-1832\" \/><\/p>\n","protected":false},"featured_media":743,"comment_status":"closed","ping_status":"closed","template":"","meta":[],"_links":{"self":[{"href":"https:\/\/www.akboru.com\/en\/wp-json\/wp\/v2\/product\/742"}],"collection":[{"href":"https:\/\/www.akboru.com\/en\/wp-json\/wp\/v2\/product"}],"about":[{"href":"https:\/\/www.akboru.com\/en\/wp-json\/wp\/v2\/types\/product"}],"replies":[{"embeddable":true,"href":"https:\/\/www.akboru.com\/en\/wp-json\/wp\/v2\/comments?post=742"}],"wp:featuredmedia":[{"embeddable":true,"href":"https:\/\/www.akboru.com\/en\/wp-json\/wp\/v2\/media\/743"}],"wp:attachment":[{"href":"https:\/\/www.akboru.com\/en\/wp-json\/wp\/v2\/media?parent=742"}],"curies":[{"name":"wp","href":"https:\/\/api.w.org\/{rel}","templated":true}]}}