{"id":759,"date":"2017-08-02T14:50:59","date_gmt":"2017-08-02T11:50:59","guid":{"rendered":"http:\/\/demo.tanir.com.tr\/akboru\/?post_type=product&#038;p=759"},"modified":"2018-11-08T18:23:33","modified_gmt":"2018-11-08T15:23:33","slug":"al1101-6w","status":"publish","type":"product","link":"https:\/\/www.akboru.com\/en\/product\/al1101-6w\/","title":{"rendered":"AL 1101-6W"},"content":{"rendered":"<div class=\"bir\" align=\"left\">\n<b>Led<\/b><br \/>\n<b>Colour<\/b><br \/>\n<b>Lumen<\/b><br \/>\n<b>Volt<\/b><br \/>\n<b>Watt<\/b><br \/>\n<b>Package<\/b>&#8220;<\/div>\n<div class=\"iki\" align=\"left\">:6&#215;1 power led<br \/>\n:White, Warm white, Blue, Green, Red, Ambergris<br \/>\n:600<br \/>\n:220 V<br \/>\n:6 W<br \/>\n:12 Pcs<\/div>\n<div class=\"uc\" align=\"left\">\n<b>Specifications<\/b><br \/>\nAluminum anodized body<br \/>\nTempered glass<br \/>\nStainless steel foot\n<\/div>\n<p><\/p>\n<p><img src=\"http:\/\/www.akboru.com\/wp-content\/uploads\/2017\/08\/AL-1101-WALLWASHER.jpg\" align=\"left\" \/><\/p>\n<p><img src=\"http:\/\/www.akboru.com\/en\/wp-content\/uploads\/sites\/2\/2017\/07\/wALL-WASHER-1.jpg\" \/><\/p>\n","protected":false},"excerpt":{"rendered":"<p><img loading=\"lazy\" class=\"alignnone size-medium wp-image-1830\" src=\"http:\/\/www.akboru.com\/en\/wp-content\/uploads\/sites\/2\/2017\/10\/AL-1101-TEKN\u0130K-\u00c7\u0130Z\u0130M.jpg\" alt=\"\" width=\"280\" height=\"300\" \/><\/p>\n","protected":false},"featured_media":2728,"comment_status":"closed","ping_status":"closed","template":"","meta":[],"_links":{"self":[{"href":"https:\/\/www.akboru.com\/en\/wp-json\/wp\/v2\/product\/759"}],"collection":[{"href":"https:\/\/www.akboru.com\/en\/wp-json\/wp\/v2\/product"}],"about":[{"href":"https:\/\/www.akboru.com\/en\/wp-json\/wp\/v2\/types\/product"}],"replies":[{"embeddable":true,"href":"https:\/\/www.akboru.com\/en\/wp-json\/wp\/v2\/comments?post=759"}],"wp:featuredmedia":[{"embeddable":true,"href":"https:\/\/www.akboru.com\/en\/wp-json\/wp\/v2\/media\/2728"}],"wp:attachment":[{"href":"https:\/\/www.akboru.com\/en\/wp-json\/wp\/v2\/media?parent=759"}],"curies":[{"name":"wp","href":"https:\/\/api.w.org\/{rel}","templated":true}]}}