{"id":1321,"date":"2017-08-05T11:41:17","date_gmt":"2017-08-05T08:41:17","guid":{"rendered":"http:\/\/demo.tanir.com.tr\/akboru\/?post_type=product&#038;p=1321"},"modified":"2018-04-02T15:36:57","modified_gmt":"2018-04-02T12:36:57","slug":"al-lb1030","status":"publish","type":"product","link":"https:\/\/www.akboru.com\/fr\/urun\/al-lb1030\/","title":{"rendered":"AL LB1030"},"content":{"rendered":"<div class=\"bir\" align=\"left\">\n<b>Ampul<\/b><br \/>\n<b>Renk<\/b><br \/>\n<b>Volt<\/b><br \/>\n<b>I\u015f\u0131k G\u00fcc\u00fc<\/b><br \/>\n<b>Watt<\/b><br \/>\n<b>Koli Adet<\/b><\/div>\n<div class=\"iki\" align=\"left\">:3 \u00c7ipli,<br \/>\n:45 Adet SMD Led<br \/>\n:DC 12V<br \/>\n:200 L\u00fcmen<br \/>\n:3 W<br \/>\n:20 Adet\n<\/div>\n<div class=\"uc\" align=\"left\">\n<b>\u00d6zellikler<\/b><br \/>\n\u015e\u0131k ince tasar\u0131m<br \/>\nG\u00fc\u00e7l\u00fc \u0131\u015f\u0131k kayna\u011f\u0131<br \/>\nD\u00fc\u015f\u00fck sarfiyat<br \/>\nAl\u00fcminyum enjeksiyon g\u00f6vde<br \/>\nKolay kurulum ve ekleme<br \/>\nAparat\u0131yla pratik boy uzatma\n<\/div>\n<div class=\"gorsel1\" align=\"left\"><img loading=\"lazy\" src=\"http:\/\/www.akboru.com\/wp-content\/uploads\/2017\/08\/AL-LB1030-LED-BAR.jpg\" width=\"250\" height=\"25\" \/><\/div>\n","protected":false},"excerpt":{"rendered":"<h3><em><strong>Kullan\u0131m Alanlar\u0131<\/strong><\/em><\/h3>\n<h3><em><strong>\u0130\u00e7 Mekan Ayd\u0131nlatmas\u0131nda,<\/strong><\/em><br \/>\n<em><strong> Banyolarda, Vitrinlerde,<\/strong><\/em><br \/>\n<em><strong> Mutfak Tezgahlar\u0131nda,<\/strong><\/em><br \/>\n<em><strong> Gardolap ve Dolaplarda<\/strong><\/em><\/h3>\n","protected":false},"featured_media":2431,"comment_status":"closed","ping_status":"closed","template":"","meta":[],"_links":{"self":[{"href":"https:\/\/www.akboru.com\/fr\/wp-json\/wp\/v2\/product\/1321"}],"collection":[{"href":"https:\/\/www.akboru.com\/fr\/wp-json\/wp\/v2\/product"}],"about":[{"href":"https:\/\/www.akboru.com\/fr\/wp-json\/wp\/v2\/types\/product"}],"replies":[{"embeddable":true,"href":"https:\/\/www.akboru.com\/fr\/wp-json\/wp\/v2\/comments?post=1321"}],"wp:featuredmedia":[{"embeddable":true,"href":"https:\/\/www.akboru.com\/fr\/wp-json\/wp\/v2\/media\/2431"}],"wp:attachment":[{"href":"https:\/\/www.akboru.com\/fr\/wp-json\/wp\/v2\/media?parent=1321"}],"curies":[{"name":"wp","href":"https:\/\/api.w.org\/{rel}","templated":true}]}}