{"id":1330,"date":"2017-08-07T13:55:26","date_gmt":"2017-08-07T10:55:26","guid":{"rendered":"http:\/\/demo.tanir.com.tr\/akboru\/?post_type=product&#038;p=1330"},"modified":"2018-04-02T15:35:48","modified_gmt":"2018-04-02T12:35:48","slug":"al-lb-1090","status":"publish","type":"product","link":"https:\/\/www.akboru.com\/fr\/urun\/al-lb-1090\/","title":{"rendered":"AL LB 1090"},"content":{"rendered":"<div class=\"bir\" align=\"left\">\n<b>Ampul<\/b><br \/>\n<b>Renk<\/b><br \/>\n<b>Volt<\/b><br \/>\n<b>I\u015f\u0131k G\u00fcc\u00fc<\/b><br \/>\n<b>Watt<\/b><br \/>\n<b>Koli Adet<\/b><\/div>\n<div class=\"iki\" align=\"left\">:3 \u00c7ipli<br \/>\n135 Adet SMD Led<br \/>\n:DC 12V<br \/>\n:600 L\u00fcmen<br \/>\n:9 W<br \/>\n:20 Adet\n<\/div>\n<div class=\"uc\" align=\"left\">\n<b>\u00d6zellikler<\/b><br \/>\n\u015e\u0131k ince tasar\u0131m<br \/>\nG\u00fc\u00e7l\u00fc \u0131\u015f\u0131k kayna\u011f\u0131<br \/>\nD\u00fc\u015f\u00fck sarfiyat<br \/>\nAl\u00fcminyum enjeksiyon g\u00f6vde<br \/>\nKolay kurulum ve ekleme<br \/>\nAparat\u0131yla pratik boy uzatma\n<\/div>\n<div class=\"gorsel1\" align=\"left\"><img \/><\/div>\n","protected":false},"excerpt":{"rendered":"<h3><em><strong>Kullan\u0131m Alanlar\u0131<\/strong><\/em><\/h3>\n<h3><em><strong>\u0130\u00e7 Mekan Ayd\u0131nlatmas\u0131nda,<\/strong><\/em><br \/>\n<em><strong> Banyolarda, Vitrinlerde,<\/strong><\/em><br \/>\n<em><strong> Mutfak Tezgahlar\u0131nda,<\/strong><\/em><br \/>\n<em><strong> Gardolap ve Dolaplarda<\/strong><\/em><\/h3>\n","protected":false},"featured_media":2429,"comment_status":"closed","ping_status":"closed","template":"","meta":[],"_links":{"self":[{"href":"https:\/\/www.akboru.com\/fr\/wp-json\/wp\/v2\/product\/1330"}],"collection":[{"href":"https:\/\/www.akboru.com\/fr\/wp-json\/wp\/v2\/product"}],"about":[{"href":"https:\/\/www.akboru.com\/fr\/wp-json\/wp\/v2\/types\/product"}],"replies":[{"embeddable":true,"href":"https:\/\/www.akboru.com\/fr\/wp-json\/wp\/v2\/comments?post=1330"}],"wp:featuredmedia":[{"embeddable":true,"href":"https:\/\/www.akboru.com\/fr\/wp-json\/wp\/v2\/media\/2429"}],"wp:attachment":[{"href":"https:\/\/www.akboru.com\/fr\/wp-json\/wp\/v2\/media?parent=1330"}],"curies":[{"name":"wp","href":"https:\/\/api.w.org\/{rel}","templated":true}]}}