{"id":1360,"date":"2017-08-07T14:27:19","date_gmt":"2017-08-07T11:27:19","guid":{"rendered":"http:\/\/demo.tanir.com.tr\/akboru\/?post_type=product&#038;p=1360"},"modified":"2018-04-02T15:33:07","modified_gmt":"2018-04-02T12:33:07","slug":"al-ld02-240","status":"publish","type":"product","link":"https:\/\/www.akboru.com\/fr\/urun\/al-ld02-240\/","title":{"rendered":"AL LD02-240"},"content":{"rendered":"<div class=\"bir\" align=\"left\">\n<b>Giri\u015f<\/b><br \/>\n<b>\u00c7\u0131k\u0131\u015f<\/b>\n<\/div>\n<div class=\"iki\" align=\"left\">:AC 100 &#8211; 240 V &#8211; 50-60 Hz<br \/>\n:DC 12V 30W\n<\/div>\n<div class=\"uc\" align=\"left\">\n<b>\u00d6zellikler<\/b><br \/>\n300 cm&#8217;e kadar Led Bar&#8217;da kullan\u0131labilir.<br \/>\n6 m.&#8217;ye kadar 60 Led\/m.<br \/>\n\u015eerit SMD Ledlerde kullan\u0131labilir.\n<\/div>\n<div class=\"gorsel2\" align=\"left\"><img loading=\"lazy\" src=\"http:\/\/demo.tanir.com.tr\/akboru\/wp-content\/uploads\/2017\/08\/AL-PA01-35-AL-LB-6005.jpg\" width=\"250\" height=\"25\" \/><\/div>\n","protected":false},"excerpt":{"rendered":"<p>Giri\u015f \u00c7\u0131k\u0131\u015f :AC 100 &#8211; 240 V &#8211; 50-60 Hz :DC 12V 30W \u00d6zellikler 300 cm&#8217;e kadar Led Bar&#8217;da kullan\u0131labilir. 6 m.&#8217;ye kadar 60 Led\/m. \u015eerit<span class=\"excerpt-hellip\"> [\u2026]<\/span><\/p>\n","protected":false},"featured_media":2424,"comment_status":"closed","ping_status":"closed","template":"","meta":[],"_links":{"self":[{"href":"https:\/\/www.akboru.com\/fr\/wp-json\/wp\/v2\/product\/1360"}],"collection":[{"href":"https:\/\/www.akboru.com\/fr\/wp-json\/wp\/v2\/product"}],"about":[{"href":"https:\/\/www.akboru.com\/fr\/wp-json\/wp\/v2\/types\/product"}],"replies":[{"embeddable":true,"href":"https:\/\/www.akboru.com\/fr\/wp-json\/wp\/v2\/comments?post=1360"}],"wp:featuredmedia":[{"embeddable":true,"href":"https:\/\/www.akboru.com\/fr\/wp-json\/wp\/v2\/media\/2424"}],"wp:attachment":[{"href":"https:\/\/www.akboru.com\/fr\/wp-json\/wp\/v2\/media?parent=1360"}],"curies":[{"name":"wp","href":"https:\/\/api.w.org\/{rel}","templated":true}]}}