{"id":1361,"date":"2017-08-07T14:30:22","date_gmt":"2017-08-07T11:30:22","guid":{"rendered":"http:\/\/demo.tanir.com.tr\/akboru\/?post_type=product&#038;p=1361"},"modified":"2018-04-02T15:31:22","modified_gmt":"2018-04-02T12:31:22","slug":"al-lb-6005","status":"publish","type":"product","link":"https:\/\/www.akboru.com\/fr\/urun\/al-lb-6005\/","title":{"rendered":"AL LB 6005"},"content":{"rendered":"<div class=\"bir\" align=\"left\">\n<b>DC PIN<\/b><br \/>\n<b>Renk<\/b><\/div>\n<div class=\"iki\" align=\"left\">:3.5 mm x 1.35 mm<br \/>\n:Siyah\n<\/div>\n<div class=\"uc\" align=\"left\">\n<b>\u00d6zellikler<\/b><br \/>\nLed barlar\u0131 birbirine<br \/>\neklemek i\u00e7in kullan\u0131l\u0131r.<br \/>\n\u015e\u0131k bir tasar\u0131m sa\u011flar.\n<\/div>\n<div class=\"gorsel2\" align=\"left\"><img loading=\"lazy\" src=\"http:\/\/demo.tanir.com.tr\/akboru\/wp-content\/uploads\/2017\/08\/AL-PA01-35-AL-LB-6005.jpg\" width=\"250\" height=\"25\" \/><\/div>\n","protected":false},"excerpt":{"rendered":"<p>DC PIN Renk :3.5 mm x 1.35 mm :Siyah \u00d6zellikler Led barlar\u0131 birbirine eklemek i\u00e7in kullan\u0131l\u0131r. \u015e\u0131k bir tasar\u0131m sa\u011flar.<\/p>\n","protected":false},"featured_media":2423,"comment_status":"closed","ping_status":"closed","template":"","meta":[],"_links":{"self":[{"href":"https:\/\/www.akboru.com\/fr\/wp-json\/wp\/v2\/product\/1361"}],"collection":[{"href":"https:\/\/www.akboru.com\/fr\/wp-json\/wp\/v2\/product"}],"about":[{"href":"https:\/\/www.akboru.com\/fr\/wp-json\/wp\/v2\/types\/product"}],"replies":[{"embeddable":true,"href":"https:\/\/www.akboru.com\/fr\/wp-json\/wp\/v2\/comments?post=1361"}],"wp:featuredmedia":[{"embeddable":true,"href":"https:\/\/www.akboru.com\/fr\/wp-json\/wp\/v2\/media\/2423"}],"wp:attachment":[{"href":"https:\/\/www.akboru.com\/fr\/wp-json\/wp\/v2\/media?parent=1361"}],"curies":[{"name":"wp","href":"https:\/\/api.w.org\/{rel}","templated":true}]}}