{"id":1470,"date":"2017-08-07T22:14:30","date_gmt":"2017-08-07T19:14:30","guid":{"rendered":"http:\/\/demo.tanir.com.tr\/akboru\/?post_type=product&#038;p=1470"},"modified":"2018-04-02T15:21:24","modified_gmt":"2018-04-02T12:21:24","slug":"al-4109","status":"publish","type":"product","link":"https:\/\/www.akboru.com\/fr\/urun\/al-4109\/","title":{"rendered":"AL 4109"},"content":{"rendered":"<div class=\"bir\" align=\"left\">\n<b>Renk<\/b><br \/>\n<b>Volt<\/b><br \/>\n<b>Koli<\/b><\/div>\n<div class=\"iki\" align=\"left\">:Gri,Siyah,Beyaz<br \/>\n:240 V 6 A<br \/>\n:50 Adet\n<\/div>\n<div class=\"uc\" align=\"left\">\n<b>\u00d6zellikler<\/b><br \/>\nIs\u0131ya dayan\u0131kl\u0131 N6 g\u00f6vde<br \/>\n2 Fazl\u0131 \u00e7ift y\u00f6nl\u00fc enerji y\u00f6netimi\n<\/div>\n<div class=\"gorsel2\" align=\"left\"><img loading=\"lazy\" src=\"http:\/\/www.akboru.com\/wp-content\/uploads\/2017\/08\/AL-RAY-SINIFI.jpg\" width=\"250\" height=\"25\" \/><\/div>\n","protected":false},"excerpt":{"rendered":"<p>Renk Volt Koli :Gri,Siyah,Beyaz :240 V 6 A :50 Adet \u00d6zellikler Is\u0131ya dayan\u0131kl\u0131 N6 g\u00f6vde 2 Fazl\u0131 \u00e7ift y\u00f6nl\u00fc enerji y\u00f6netimi<\/p>\n","protected":false},"featured_media":2408,"comment_status":"closed","ping_status":"closed","template":"","meta":[],"_links":{"self":[{"href":"https:\/\/www.akboru.com\/fr\/wp-json\/wp\/v2\/product\/1470"}],"collection":[{"href":"https:\/\/www.akboru.com\/fr\/wp-json\/wp\/v2\/product"}],"about":[{"href":"https:\/\/www.akboru.com\/fr\/wp-json\/wp\/v2\/types\/product"}],"replies":[{"embeddable":true,"href":"https:\/\/www.akboru.com\/fr\/wp-json\/wp\/v2\/comments?post=1470"}],"wp:featuredmedia":[{"embeddable":true,"href":"https:\/\/www.akboru.com\/fr\/wp-json\/wp\/v2\/media\/2408"}],"wp:attachment":[{"href":"https:\/\/www.akboru.com\/fr\/wp-json\/wp\/v2\/media?parent=1470"}],"curies":[{"name":"wp","href":"https:\/\/api.w.org\/{rel}","templated":true}]}}