{"id":1489,"date":"2017-08-08T01:14:07","date_gmt":"2017-08-07T22:14:07","guid":{"rendered":"http:\/\/demo.tanir.com.tr\/akboru\/?post_type=product&#038;p=1489"},"modified":"2018-04-02T15:10:14","modified_gmt":"2018-04-02T12:10:14","slug":"al-4059","status":"publish","type":"product","link":"https:\/\/www.akboru.com\/fr\/urun\/al-4059\/","title":{"rendered":"AL 4059"},"content":{"rendered":"<div class=\"bir\" align=\"left\">\n<b>Renk<\/b><br \/>\n<b>Volt<\/b><br \/>\n<b>Koli<\/b><\/div>\n<div class=\"iki\" align=\"left\">:Gri,Siyah,Beyaz<br \/>\n:240 V 16 A<br \/>\n:25 Adet\n<\/div>\n<div class=\"uc\" align=\"left\">\n<b>\u00d6zellikler<\/b><br \/>\nIs\u0131ya dayan\u0131kl\u0131 N6 G\u00f6vde<br \/>\n3 fazl\u0131 3 y\u00f6nl\u00fc enerji da\u011f\u0131t\u0131m\u0131\n<\/div>\n<div class=\"gorsel2\" align=\"left\"><img loading=\"lazy\" src=\"http:\/\/www.akboru.com\/wp-content\/uploads\/2017\/08\/AL-RAY-SINIFI.jpg\" width=\"250\" height=\"25\" \/><\/div>\n","protected":false},"excerpt":{"rendered":"<p>Renk Volt Koli :Gri,Siyah,Beyaz :240 V 16 A :25 Adet \u00d6zellikler Is\u0131ya dayan\u0131kl\u0131 N6 G\u00f6vde 3 fazl\u0131 3 y\u00f6nl\u00fc enerji da\u011f\u0131t\u0131m\u0131<\/p>\n","protected":false},"featured_media":2393,"comment_status":"closed","ping_status":"closed","template":"","meta":[],"_links":{"self":[{"href":"https:\/\/www.akboru.com\/fr\/wp-json\/wp\/v2\/product\/1489"}],"collection":[{"href":"https:\/\/www.akboru.com\/fr\/wp-json\/wp\/v2\/product"}],"about":[{"href":"https:\/\/www.akboru.com\/fr\/wp-json\/wp\/v2\/types\/product"}],"replies":[{"embeddable":true,"href":"https:\/\/www.akboru.com\/fr\/wp-json\/wp\/v2\/comments?post=1489"}],"wp:featuredmedia":[{"embeddable":true,"href":"https:\/\/www.akboru.com\/fr\/wp-json\/wp\/v2\/media\/2393"}],"wp:attachment":[{"href":"https:\/\/www.akboru.com\/fr\/wp-json\/wp\/v2\/media?parent=1489"}],"curies":[{"name":"wp","href":"https:\/\/api.w.org\/{rel}","templated":true}]}}