{"id":2131,"date":"2017-10-04T22:11:50","date_gmt":"2017-10-04T19:11:50","guid":{"rendered":"http:\/\/www.akboru.com\/?post_type=product&#038;p=2131"},"modified":"2018-04-02T15:02:09","modified_gmt":"2018-04-02T12:02:09","slug":"al-4031-whbl-snr","status":"publish","type":"product","link":"https:\/\/www.akboru.com\/fr\/urun\/al-4031-whbl-snr\/","title":{"rendered":"AL 4031 WH\/BL SNR"},"content":{"rendered":"<div class=\"bir\" align=\"left\">\n<b>Renk<\/b><br \/>\n<b>Ampul<\/b><br \/>\n<b>Volt<\/b><br \/>\n<b>Koli Adeti<\/b><br \/>\n<b>Koli \u00d6l\u00e7\u00fc<\/b><br \/>\n<b>Koli Kilo<\/b><\/div>\n<div class=\"iki\" align=\"left\">:Beyaz, Siyah<br \/>\n:E27<br \/>\n:220 V<br \/>\n:12 adet<br \/>\n:71 x 54,5 x 60,5 cm<br \/>\n:17,80 kg\n<\/div>\n<div class=\"uc\" align=\"left\">\n<b>\u00d6zellikler<\/b><br \/>\nUV korumal\u0131 resin g\u00f6vde ve cam<br \/>\nSens\u00f6rl\u00fc duvar aplik<br \/>\nGeri d\u00f6n\u00fc\u015f\u00fcml\u00fc do\u011fa dostu malzemeler<br \/>\nDarbelere kar\u015f\u0131 dayan\u0131kl\u0131 cam<br \/>\nElektrik ka\u00e7aklar\u0131na kar\u015f\u0131 g\u00fc\u00e7l\u00fc izolasyon<br \/>\nKorozyona u\u011framaz<br \/>\nRenkleri solmaz<br \/>\nBoya istemez\n<\/div>\n<p>\n<\/br><br \/>\n<\/br><br \/>\n<\/br><br \/>\n<\/br><br \/>\n<\/br><br \/>\n<img src=\"http:\/\/www.akboru.com\/wp-content\/uploads\/2017\/08\/AL-4030-IP55.jpg\" align=\"left\" \/><\/p>\n<p><img src=\"http:\/\/www.akboru.com\/wp-content\/uploads\/2017\/08\/AL-4030-7.jpg\" \/><\/p>\n","protected":false},"excerpt":{"rendered":"<p><img loading=\"lazy\" class=\"alignnone size-medium wp-image-1830\" src=\"http:\/\/www.akboru.com\/wp-content\/uploads\/2017\/08\/AL-4031.jpg\" alt=\"\" width=\"280\" height=\"300\" \/><\/p>\n","protected":false},"featured_media":2382,"comment_status":"closed","ping_status":"closed","template":"","meta":[],"_links":{"self":[{"href":"https:\/\/www.akboru.com\/fr\/wp-json\/wp\/v2\/product\/2131"}],"collection":[{"href":"https:\/\/www.akboru.com\/fr\/wp-json\/wp\/v2\/product"}],"about":[{"href":"https:\/\/www.akboru.com\/fr\/wp-json\/wp\/v2\/types\/product"}],"replies":[{"embeddable":true,"href":"https:\/\/www.akboru.com\/fr\/wp-json\/wp\/v2\/comments?post=2131"}],"wp:featuredmedia":[{"embeddable":true,"href":"https:\/\/www.akboru.com\/fr\/wp-json\/wp\/v2\/media\/2382"}],"wp:attachment":[{"href":"https:\/\/www.akboru.com\/fr\/wp-json\/wp\/v2\/media?parent=2131"}],"curies":[{"name":"wp","href":"https:\/\/api.w.org\/{rel}","templated":true}]}}