{"id":3004,"date":"2018-11-09T22:04:13","date_gmt":"2018-11-09T19:04:13","guid":{"rendered":"http:\/\/www.akboru.com\/fr\/?post_type=product&#038;p=3004"},"modified":"2018-11-09T22:04:13","modified_gmt":"2018-11-09T19:04:13","slug":"al-4075-pp-wh","status":"publish","type":"product","link":"https:\/\/www.akboru.com\/fr\/urun\/al-4075-pp-wh\/","title":{"rendered":"AL 4075-PP WH"},"content":{"rendered":"<p><img src=\"http:\/\/www.akboru.com\/fr\/wp-content\/uploads\/sites\/14\/2017\/10\/al-4075-pp-tr-wh-min.jpg\" align=\"left\" \/><\/p>\n","protected":false},"excerpt":{"rendered":"<p><img loading=\"lazy\" class=\"alignnone size-medium wp-image-1830\" src=\"http:\/\/www.akboru.com\/wp-content\/uploads\/2017\/10\/4075-BT-TEKN\u0130K-\u00c7\u0130Z\u0130M.jpg\" alt=\"\" width=\"280\" height=\"300\" \/><\/p>\n","protected":false},"featured_media":2809,"comment_status":"open","ping_status":"closed","template":"","meta":[],"_links":{"self":[{"href":"https:\/\/www.akboru.com\/fr\/wp-json\/wp\/v2\/product\/3004"}],"collection":[{"href":"https:\/\/www.akboru.com\/fr\/wp-json\/wp\/v2\/product"}],"about":[{"href":"https:\/\/www.akboru.com\/fr\/wp-json\/wp\/v2\/types\/product"}],"replies":[{"embeddable":true,"href":"https:\/\/www.akboru.com\/fr\/wp-json\/wp\/v2\/comments?post=3004"}],"wp:featuredmedia":[{"embeddable":true,"href":"https:\/\/www.akboru.com\/fr\/wp-json\/wp\/v2\/media\/2809"}],"wp:attachment":[{"href":"https:\/\/www.akboru.com\/fr\/wp-json\/wp\/v2\/media?parent=3004"}],"curies":[{"name":"wp","href":"https:\/\/api.w.org\/{rel}","templated":true}]}}