{"id":707,"date":"2017-08-02T13:03:58","date_gmt":"2017-08-02T10:03:58","guid":{"rendered":"http:\/\/demo.tanir.com.tr\/akboru\/?post_type=product&#038;p=707"},"modified":"2018-04-02T17:00:52","modified_gmt":"2018-04-02T14:00:52","slug":"al-4051","status":"publish","type":"product","link":"https:\/\/www.akboru.com\/fr\/urun\/al-4051\/","title":{"rendered":"AL 4051"},"content":{"rendered":"<div class=\"bir\" align=\"left\">\n<b>Ampul<\/b><br \/>\n<b>Renk<\/b><br \/>\n<b>Volt<\/b><br \/>\n<b>Koli Adet<\/b><\/div>\n<div class=\"iki\" align=\"left\">:PAR38 80-120 W<br \/>\n:Mat Siyah<br \/>\n:220 V<br \/>\n:25 adet\n<\/div>\n<div class=\"uc\" align=\"left\">\n<b>\u00d6zellikler<\/b><br \/>\nIs\u0131ya ve darbelere dayan\u0131kl\u0131<br \/>\nPlastik g\u00f6vdeli , Oynar ba\u015fl\u0131kl\u0131<br \/>\nSu ge\u00e7irmez kau\u00e7uk contal\u0131\n<\/div>\n<div class=\"gorsel2\" align=\"left\"><img loading=\"lazy\" src=\"http:\/\/www.akboru.com\/wp-content\/uploads\/2017\/08\/AL-3041-VE-AL-4051.jpg\" width=\"250\" height=\"25\" \/><\/div>\n","protected":false},"excerpt":{"rendered":"<p><img class=\"\" src=\"http:\/\/www.akboru.com\/wp-content\/uploads\/2017\/08\/AL-4051-1.jpg\" \/><\/p>\n","protected":false},"featured_media":2562,"comment_status":"closed","ping_status":"closed","template":"","meta":[],"_links":{"self":[{"href":"https:\/\/www.akboru.com\/fr\/wp-json\/wp\/v2\/product\/707"}],"collection":[{"href":"https:\/\/www.akboru.com\/fr\/wp-json\/wp\/v2\/product"}],"about":[{"href":"https:\/\/www.akboru.com\/fr\/wp-json\/wp\/v2\/types\/product"}],"replies":[{"embeddable":true,"href":"https:\/\/www.akboru.com\/fr\/wp-json\/wp\/v2\/comments?post=707"}],"wp:featuredmedia":[{"embeddable":true,"href":"https:\/\/www.akboru.com\/fr\/wp-json\/wp\/v2\/media\/2562"}],"wp:attachment":[{"href":"https:\/\/www.akboru.com\/fr\/wp-json\/wp\/v2\/media?parent=707"}],"curies":[{"name":"wp","href":"https:\/\/api.w.org\/{rel}","templated":true}]}}