{"id":716,"date":"2017-08-02T13:24:00","date_gmt":"2017-08-02T10:24:00","guid":{"rendered":"http:\/\/demo.tanir.com.tr\/akboru\/?post_type=product&#038;p=716"},"modified":"2018-11-10T01:14:31","modified_gmt":"2018-11-09T22:14:31","slug":"al-3075y-gu10-duylu","status":"publish","type":"product","link":"https:\/\/www.akboru.com\/fr\/urun\/al-3075y-gu10-duylu\/","title":{"rendered":"AL 3075Y GU10 DUYLU"},"content":{"rendered":"<p><img src=\"http:\/\/www.akboru.com\/fr\/wp-content\/uploads\/sites\/14\/2017\/10\/al3041-al4051-al3035y-al3035k-al3075y-al3075y-min.jpg\" \/><\/p>\n","protected":false},"excerpt":{"rendered":"<p><img loading=\"lazy\" class=\"alignnone size-medium wp-image-1830\" src=\"http:\/\/www.akboru.com\/wp-content\/uploads\/2017\/10\/AL-3075Y-TEKN\u0130K-\u00c7\u0130Z\u0130M.jpg\" alt=\"\" width=\"280\" height=\"300\" \/><\/p>\n","protected":false},"featured_media":2559,"comment_status":"closed","ping_status":"closed","template":"","meta":[],"_links":{"self":[{"href":"https:\/\/www.akboru.com\/fr\/wp-json\/wp\/v2\/product\/716"}],"collection":[{"href":"https:\/\/www.akboru.com\/fr\/wp-json\/wp\/v2\/product"}],"about":[{"href":"https:\/\/www.akboru.com\/fr\/wp-json\/wp\/v2\/types\/product"}],"replies":[{"embeddable":true,"href":"https:\/\/www.akboru.com\/fr\/wp-json\/wp\/v2\/comments?post=716"}],"wp:featuredmedia":[{"embeddable":true,"href":"https:\/\/www.akboru.com\/fr\/wp-json\/wp\/v2\/media\/2559"}],"wp:attachment":[{"href":"https:\/\/www.akboru.com\/fr\/wp-json\/wp\/v2\/media?parent=716"}],"curies":[{"name":"wp","href":"https:\/\/api.w.org\/{rel}","templated":true}]}}