{"id":763,"date":"2017-08-02T16:00:47","date_gmt":"2017-08-02T13:00:47","guid":{"rendered":"http:\/\/demo.tanir.com.tr\/akboru\/?post_type=product&#038;p=763"},"modified":"2018-11-08T21:30:53","modified_gmt":"2018-11-08T18:30:53","slug":"al-1111-6x3w","status":"publish","type":"product","link":"https:\/\/www.akboru.com\/fr\/urun\/al-1111-6x3w\/","title":{"rendered":"AL 1111 &#8211; 6x3W"},"content":{"rendered":"<p><img src=\"http:\/\/www.akboru.com\/fr\/wp-content\/uploads\/sites\/14\/2017\/08\/al-1111-6x3w-min.jpg\" \/><\/p>\n","protected":false},"excerpt":{"rendered":"<p><img loading=\"lazy\" class=\"alignnone size-medium wp-image-1830\" src=\"http:\/\/www.akboru.com\/en\/wp-content\/uploads\/sites\/2\/2017\/10\/AL-1101-TEKN\u0130K-\u00c7\u0130Z\u0130M.jpg\" alt=\"\" width=\"280\" height=\"300\" \/><\/p>\n","protected":false},"featured_media":2824,"comment_status":"closed","ping_status":"closed","template":"","meta":[],"_links":{"self":[{"href":"https:\/\/www.akboru.com\/fr\/wp-json\/wp\/v2\/product\/763"}],"collection":[{"href":"https:\/\/www.akboru.com\/fr\/wp-json\/wp\/v2\/product"}],"about":[{"href":"https:\/\/www.akboru.com\/fr\/wp-json\/wp\/v2\/types\/product"}],"replies":[{"embeddable":true,"href":"https:\/\/www.akboru.com\/fr\/wp-json\/wp\/v2\/comments?post=763"}],"wp:featuredmedia":[{"embeddable":true,"href":"https:\/\/www.akboru.com\/fr\/wp-json\/wp\/v2\/media\/2824"}],"wp:attachment":[{"href":"https:\/\/www.akboru.com\/fr\/wp-json\/wp\/v2\/media?parent=763"}],"curies":[{"name":"wp","href":"https:\/\/api.w.org\/{rel}","templated":true}]}}