{"id":1009,"date":"2020-11-07T08:53:19","date_gmt":"2020-11-07T05:53:19","guid":{"rendered":"http:\/\/www.akboru.com\/marine\/dis-mekan-yat-aydinlatmalari\/"},"modified":"2021-08-23T14:55:40","modified_gmt":"2021-08-23T11:55:40","slug":"dis-mekan-yat-aydinlatmalari","status":"publish","type":"page","link":"https:\/\/www.akboru.com\/marine\/fr\/dis-mekan-yat-aydinlatmalari\/","title":{"rendered":"D\u0131\u015f Mekan Yat Ayd\u0131nlatmalar\u0131"},"content":{"rendered":"","protected":false},"excerpt":{"rendered":"","protected":false},"author":1,"featured_media":0,"parent":0,"menu_order":0,"comment_status":"closed","ping_status":"closed","template":"","meta":[],"_links":{"self":[{"href":"https:\/\/www.akboru.com\/marine\/fr\/wp-json\/wp\/v2\/pages\/1009"}],"collection":[{"href":"https:\/\/www.akboru.com\/marine\/fr\/wp-json\/wp\/v2\/pages"}],"about":[{"href":"https:\/\/www.akboru.com\/marine\/fr\/wp-json\/wp\/v2\/types\/page"}],"author":[{"embeddable":true,"href":"https:\/\/www.akboru.com\/marine\/fr\/wp-json\/wp\/v2\/users\/1"}],"replies":[{"embeddable":true,"href":"https:\/\/www.akboru.com\/marine\/fr\/wp-json\/wp\/v2\/comments?post=1009"}],"version-history":[{"count":1,"href":"https:\/\/www.akboru.com\/marine\/fr\/wp-json\/wp\/v2\/pages\/1009\/revisions"}],"predecessor-version":[{"id":1787,"href":"https:\/\/www.akboru.com\/marine\/fr\/wp-json\/wp\/v2\/pages\/1009\/revisions\/1787"}],"wp:attachment":[{"href":"https:\/\/www.akboru.com\/marine\/fr\/wp-json\/wp\/v2\/media?parent=1009"}],"curies":[{"name":"wp","href":"https:\/\/api.w.org\/{rel}","templated":true}]}}