{"id":1027,"date":"2020-11-05T17:46:31","date_gmt":"2020-11-05T14:46:31","guid":{"rendered":"http:\/\/www.akboru.com\/marine\/ic-dis-mekan-yat-aydinlatmalar\/"},"modified":"2025-10-29T23:08:19","modified_gmt":"2025-10-29T20:08:19","slug":"ic-dis-mekan-yat-aydinlatmalar","status":"publish","type":"page","link":"https:\/\/www.akboru.com\/marine\/fr\/ic-dis-mekan-yat-aydinlatmalar\/","title":{"rendered":"\u0130\u00e7 &#038; D\u0131\u015f Mekan Yat Ayd\u0131nlatmalar"},"content":{"rendered":"","protected":false},"excerpt":{"rendered":"","protected":false},"author":1,"featured_media":0,"parent":0,"menu_order":0,"comment_status":"closed","ping_status":"closed","template":"","meta":[],"_links":{"self":[{"href":"https:\/\/www.akboru.com\/marine\/fr\/wp-json\/wp\/v2\/pages\/1027"}],"collection":[{"href":"https:\/\/www.akboru.com\/marine\/fr\/wp-json\/wp\/v2\/pages"}],"about":[{"href":"https:\/\/www.akboru.com\/marine\/fr\/wp-json\/wp\/v2\/types\/page"}],"author":[{"embeddable":true,"href":"https:\/\/www.akboru.com\/marine\/fr\/wp-json\/wp\/v2\/users\/1"}],"replies":[{"embeddable":true,"href":"https:\/\/www.akboru.com\/marine\/fr\/wp-json\/wp\/v2\/comments?post=1027"}],"version-history":[{"count":1,"href":"https:\/\/www.akboru.com\/marine\/fr\/wp-json\/wp\/v2\/pages\/1027\/revisions"}],"predecessor-version":[{"id":1781,"href":"https:\/\/www.akboru.com\/marine\/fr\/wp-json\/wp\/v2\/pages\/1027\/revisions\/1781"}],"wp:attachment":[{"href":"https:\/\/www.akboru.com\/marine\/fr\/wp-json\/wp\/v2\/media?parent=1027"}],"curies":[{"name":"wp","href":"https:\/\/api.w.org\/{rel}","templated":true}]}}