{"id":1035,"date":"2020-11-06T19:31:28","date_gmt":"2020-11-06T16:31:28","guid":{"rendered":"http:\/\/www.akboru.com\/marine\/ip67-ic-dis-mekan-downlightlar\/"},"modified":"2021-08-23T14:54:31","modified_gmt":"2021-08-23T11:54:31","slug":"ip67-ic-dis-mekan-downlightlar","status":"publish","type":"page","link":"https:\/\/www.akboru.com\/marine\/fr\/ip67-ic-dis-mekan-downlightlar\/","title":{"rendered":"IP67 \u0130\u00e7 &#038; D\u0131\u015f Mekan Downlightlar"},"content":{"rendered":"","protected":false},"excerpt":{"rendered":"","protected":false},"author":1,"featured_media":0,"parent":0,"menu_order":0,"comment_status":"closed","ping_status":"closed","template":"","meta":[],"_links":{"self":[{"href":"https:\/\/www.akboru.com\/marine\/fr\/wp-json\/wp\/v2\/pages\/1035"}],"collection":[{"href":"https:\/\/www.akboru.com\/marine\/fr\/wp-json\/wp\/v2\/pages"}],"about":[{"href":"https:\/\/www.akboru.com\/marine\/fr\/wp-json\/wp\/v2\/types\/page"}],"author":[{"embeddable":true,"href":"https:\/\/www.akboru.com\/marine\/fr\/wp-json\/wp\/v2\/users\/1"}],"replies":[{"embeddable":true,"href":"https:\/\/www.akboru.com\/marine\/fr\/wp-json\/wp\/v2\/comments?post=1035"}],"version-history":[{"count":1,"href":"https:\/\/www.akboru.com\/marine\/fr\/wp-json\/wp\/v2\/pages\/1035\/revisions"}],"predecessor-version":[{"id":1785,"href":"https:\/\/www.akboru.com\/marine\/fr\/wp-json\/wp\/v2\/pages\/1035\/revisions\/1785"}],"wp:attachment":[{"href":"https:\/\/www.akboru.com\/marine\/fr\/wp-json\/wp\/v2\/media?parent=1035"}],"curies":[{"name":"wp","href":"https:\/\/api.w.org\/{rel}","templated":true}]}}