{"id":1059,"date":"2020-11-05T18:11:55","date_gmt":"2020-11-05T15:11:55","guid":{"rendered":"http:\/\/www.akboru.com\/marine\/lux-thru-hull-slim-yat-aydinlatmalari\/"},"modified":"2021-08-23T14:48:25","modified_gmt":"2021-08-23T11:48:25","slug":"lux-thru-hull-slim-yat-aydinlatmalari","status":"publish","type":"page","link":"https:\/\/www.akboru.com\/marine\/fr\/lux-thru-hull-slim-yat-aydinlatmalari\/","title":{"rendered":"L\u00fcx Thru-Hull Slim Yat Ayd\u0131nlatmalar\u0131"},"content":{"rendered":"","protected":false},"excerpt":{"rendered":"","protected":false},"author":1,"featured_media":0,"parent":0,"menu_order":0,"comment_status":"closed","ping_status":"closed","template":"","meta":[],"_links":{"self":[{"href":"https:\/\/www.akboru.com\/marine\/fr\/wp-json\/wp\/v2\/pages\/1059"}],"collection":[{"href":"https:\/\/www.akboru.com\/marine\/fr\/wp-json\/wp\/v2\/pages"}],"about":[{"href":"https:\/\/www.akboru.com\/marine\/fr\/wp-json\/wp\/v2\/types\/page"}],"author":[{"embeddable":true,"href":"https:\/\/www.akboru.com\/marine\/fr\/wp-json\/wp\/v2\/users\/1"}],"replies":[{"embeddable":true,"href":"https:\/\/www.akboru.com\/marine\/fr\/wp-json\/wp\/v2\/comments?post=1059"}],"version-history":[{"count":1,"href":"https:\/\/www.akboru.com\/marine\/fr\/wp-json\/wp\/v2\/pages\/1059\/revisions"}],"predecessor-version":[{"id":1777,"href":"https:\/\/www.akboru.com\/marine\/fr\/wp-json\/wp\/v2\/pages\/1059\/revisions\/1777"}],"wp:attachment":[{"href":"https:\/\/www.akboru.com\/marine\/fr\/wp-json\/wp\/v2\/media?parent=1059"}],"curies":[{"name":"wp","href":"https:\/\/api.w.org\/{rel}","templated":true}]}}