{"id":1063,"date":"2020-09-11T14:30:44","date_gmt":"2020-09-11T11:30:44","guid":{"rendered":"http:\/\/www.akboru.com\/marine\/lux-thru-hull-yat-aydinlatmalari\/"},"modified":"2022-03-03T13:47:41","modified_gmt":"2022-03-03T10:47:41","slug":"lux-thru-hull-yat-aydinlatmalari","status":"publish","type":"page","link":"https:\/\/www.akboru.com\/marine\/fr\/lux-thru-hull-yat-aydinlatmalari\/","title":{"rendered":"L\u00fcx Thru-Hull Yat Ayd\u0131nlatmalar\u0131"},"content":{"rendered":"","protected":false},"excerpt":{"rendered":"","protected":false},"author":1,"featured_media":0,"parent":0,"menu_order":0,"comment_status":"closed","ping_status":"closed","template":"","meta":[],"_links":{"self":[{"href":"https:\/\/www.akboru.com\/marine\/fr\/wp-json\/wp\/v2\/pages\/1063"}],"collection":[{"href":"https:\/\/www.akboru.com\/marine\/fr\/wp-json\/wp\/v2\/pages"}],"about":[{"href":"https:\/\/www.akboru.com\/marine\/fr\/wp-json\/wp\/v2\/types\/page"}],"author":[{"embeddable":true,"href":"https:\/\/www.akboru.com\/marine\/fr\/wp-json\/wp\/v2\/users\/1"}],"replies":[{"embeddable":true,"href":"https:\/\/www.akboru.com\/marine\/fr\/wp-json\/wp\/v2\/comments?post=1063"}],"version-history":[{"count":1,"href":"https:\/\/www.akboru.com\/marine\/fr\/wp-json\/wp\/v2\/pages\/1063\/revisions"}],"predecessor-version":[{"id":1773,"href":"https:\/\/www.akboru.com\/marine\/fr\/wp-json\/wp\/v2\/pages\/1063\/revisions\/1773"}],"wp:attachment":[{"href":"https:\/\/www.akboru.com\/marine\/fr\/wp-json\/wp\/v2\/media?parent=1063"}],"curies":[{"name":"wp","href":"https:\/\/api.w.org\/{rel}","templated":true}]}}