{"id":300,"date":"2020-11-05T17:46:31","date_gmt":"2020-11-05T14:46:31","guid":{"rendered":"http:\/\/www.akboru.com\/marine\/?page_id=300"},"modified":"2025-10-29T23:08:19","modified_gmt":"2025-10-29T20:08:19","slug":"ic-dis-mekan-yat-aydinlatmalar","status":"publish","type":"page","link":"https:\/\/www.akboru.com\/marine\/ic-dis-mekan-yat-aydinlatmalar\/","title":{"rendered":"\u0130\u00e7 &#038; D\u0131\u015f Mekan Yat Ayd\u0131nlatmalar"},"content":{"rendered":"","protected":false},"excerpt":{"rendered":"","protected":false},"author":1,"featured_media":0,"parent":0,"menu_order":0,"comment_status":"closed","ping_status":"closed","template":"","meta":[],"_links":{"self":[{"href":"https:\/\/www.akboru.com\/marine\/wp-json\/wp\/v2\/pages\/300"}],"collection":[{"href":"https:\/\/www.akboru.com\/marine\/wp-json\/wp\/v2\/pages"}],"about":[{"href":"https:\/\/www.akboru.com\/marine\/wp-json\/wp\/v2\/types\/page"}],"author":[{"embeddable":true,"href":"https:\/\/www.akboru.com\/marine\/wp-json\/wp\/v2\/users\/1"}],"replies":[{"embeddable":true,"href":"https:\/\/www.akboru.com\/marine\/wp-json\/wp\/v2\/comments?post=300"}],"version-history":[{"count":2,"href":"https:\/\/www.akboru.com\/marine\/wp-json\/wp\/v2\/pages\/300\/revisions"}],"predecessor-version":[{"id":426,"href":"https:\/\/www.akboru.com\/marine\/wp-json\/wp\/v2\/pages\/300\/revisions\/426"}],"wp:attachment":[{"href":"https:\/\/www.akboru.com\/marine\/wp-json\/wp\/v2\/media?parent=300"}],"curies":[{"name":"wp","href":"https:\/\/api.w.org\/{rel}","templated":true}]}}