{"id":31,"date":"2015-07-22T08:38:04","date_gmt":"2015-07-22T05:38:04","guid":{"rendered":"http:\/\/themes.muffingroup.com\/be\/surfing\/?page_id=31"},"modified":"2021-08-23T14:45:24","modified_gmt":"2021-08-23T11:45:24","slug":"su-alti-yat-aydinlatmalari","status":"publish","type":"page","link":"https:\/\/www.akboru.com\/marine\/su-alti-yat-aydinlatmalari\/","title":{"rendered":"Su Alt\u0131 Yat Ayd\u0131nlatmalar\u0131"},"content":{"rendered":"","protected":false},"excerpt":{"rendered":"","protected":false},"author":1,"featured_media":0,"parent":0,"menu_order":0,"comment_status":"open","ping_status":"closed","template":"","meta":[],"_links":{"self":[{"href":"https:\/\/www.akboru.com\/marine\/wp-json\/wp\/v2\/pages\/31"}],"collection":[{"href":"https:\/\/www.akboru.com\/marine\/wp-json\/wp\/v2\/pages"}],"about":[{"href":"https:\/\/www.akboru.com\/marine\/wp-json\/wp\/v2\/types\/page"}],"author":[{"embeddable":true,"href":"https:\/\/www.akboru.com\/marine\/wp-json\/wp\/v2\/users\/1"}],"replies":[{"embeddable":true,"href":"https:\/\/www.akboru.com\/marine\/wp-json\/wp\/v2\/comments?post=31"}],"version-history":[{"count":5,"href":"https:\/\/www.akboru.com\/marine\/wp-json\/wp\/v2\/pages\/31\/revisions"}],"predecessor-version":[{"id":1772,"href":"https:\/\/www.akboru.com\/marine\/wp-json\/wp\/v2\/pages\/31\/revisions\/1772"}],"wp:attachment":[{"href":"https:\/\/www.akboru.com\/marine\/wp-json\/wp\/v2\/media?parent=31"}],"curies":[{"name":"wp","href":"https:\/\/api.w.org\/{rel}","templated":true}]}}