{"id":316,"date":"2020-11-05T18:17:07","date_gmt":"2020-11-05T15:17:07","guid":{"rendered":"http:\/\/www.akboru.com\/marine\/?page_id=316"},"modified":"2021-08-23T14:49:17","modified_gmt":"2021-08-23T11:49:17","slug":"siva-ustu-yat-aydinlatmalari","status":"publish","type":"page","link":"https:\/\/www.akboru.com\/marine\/siva-ustu-yat-aydinlatmalari\/","title":{"rendered":"S\u0131va \u00dcst\u00fc Yat Ayd\u0131nlatmalar\u0131"},"content":{"rendered":"","protected":false},"excerpt":{"rendered":"","protected":false},"author":1,"featured_media":0,"parent":0,"menu_order":0,"comment_status":"closed","ping_status":"closed","template":"","meta":[],"_links":{"self":[{"href":"https:\/\/www.akboru.com\/marine\/wp-json\/wp\/v2\/pages\/316"}],"collection":[{"href":"https:\/\/www.akboru.com\/marine\/wp-json\/wp\/v2\/pages"}],"about":[{"href":"https:\/\/www.akboru.com\/marine\/wp-json\/wp\/v2\/types\/page"}],"author":[{"embeddable":true,"href":"https:\/\/www.akboru.com\/marine\/wp-json\/wp\/v2\/users\/1"}],"replies":[{"embeddable":true,"href":"https:\/\/www.akboru.com\/marine\/wp-json\/wp\/v2\/comments?post=316"}],"version-history":[{"count":2,"href":"https:\/\/www.akboru.com\/marine\/wp-json\/wp\/v2\/pages\/316\/revisions"}],"predecessor-version":[{"id":1780,"href":"https:\/\/www.akboru.com\/marine\/wp-json\/wp\/v2\/pages\/316\/revisions\/1780"}],"wp:attachment":[{"href":"https:\/\/www.akboru.com\/marine\/wp-json\/wp\/v2\/media?parent=316"}],"curies":[{"name":"wp","href":"https:\/\/api.w.org\/{rel}","templated":true}]}}