{"id":35,"date":"2015-07-22T08:38:37","date_gmt":"2015-07-22T08:38:37","guid":{"rendered":"http:\/\/themes.muffingroup.com\/be\/surfing\/?page_id=35"},"modified":"2021-02-02T13:37:27","modified_gmt":"2021-02-02T10:37:27","slug":"iletisim","status":"publish","type":"page","link":"https:\/\/www.akboru.com\/marine\/iletisim\/","title":{"rendered":"\u0130LET\u0130\u015e\u0130M"},"content":{"rendered":"","protected":false},"excerpt":{"rendered":"","protected":false},"author":1,"featured_media":0,"parent":0,"menu_order":0,"comment_status":"open","ping_status":"open","template":"","meta":[],"_links":{"self":[{"href":"https:\/\/www.akboru.com\/marine\/wp-json\/wp\/v2\/pages\/35"}],"collection":[{"href":"https:\/\/www.akboru.com\/marine\/wp-json\/wp\/v2\/pages"}],"about":[{"href":"https:\/\/www.akboru.com\/marine\/wp-json\/wp\/v2\/types\/page"}],"author":[{"embeddable":true,"href":"https:\/\/www.akboru.com\/marine\/wp-json\/wp\/v2\/users\/1"}],"replies":[{"embeddable":true,"href":"https:\/\/www.akboru.com\/marine\/wp-json\/wp\/v2\/comments?post=35"}],"version-history":[{"count":3,"href":"https:\/\/www.akboru.com\/marine\/wp-json\/wp\/v2\/pages\/35\/revisions"}],"predecessor-version":[{"id":938,"href":"https:\/\/www.akboru.com\/marine\/wp-json\/wp\/v2\/pages\/35\/revisions\/938"}],"wp:attachment":[{"href":"https:\/\/www.akboru.com\/marine\/wp-json\/wp\/v2\/media?parent=35"}],"curies":[{"name":"wp","href":"https:\/\/api.w.org\/{rel}","templated":true}]}}