{"id":411,"date":"2020-11-06T19:31:28","date_gmt":"2020-11-06T16:31:28","guid":{"rendered":"http:\/\/www.akboru.com\/marine\/?page_id=411"},"modified":"2021-08-23T14:54:30","modified_gmt":"2021-08-23T11:54:30","slug":"ip67-ic-dis-mekan-downlightlar","status":"publish","type":"page","link":"https:\/\/www.akboru.com\/marine\/ip67-ic-dis-mekan-downlightlar\/","title":{"rendered":"IP67 \u0130\u00e7 &#038; D\u0131\u015f Mekan Downlightlar"},"content":{"rendered":"","protected":false},"excerpt":{"rendered":"","protected":false},"author":1,"featured_media":0,"parent":0,"menu_order":0,"comment_status":"closed","ping_status":"closed","template":"","meta":[],"_links":{"self":[{"href":"https:\/\/www.akboru.com\/marine\/wp-json\/wp\/v2\/pages\/411"}],"collection":[{"href":"https:\/\/www.akboru.com\/marine\/wp-json\/wp\/v2\/pages"}],"about":[{"href":"https:\/\/www.akboru.com\/marine\/wp-json\/wp\/v2\/types\/page"}],"author":[{"embeddable":true,"href":"https:\/\/www.akboru.com\/marine\/wp-json\/wp\/v2\/users\/1"}],"replies":[{"embeddable":true,"href":"https:\/\/www.akboru.com\/marine\/wp-json\/wp\/v2\/comments?post=411"}],"version-history":[{"count":4,"href":"https:\/\/www.akboru.com\/marine\/wp-json\/wp\/v2\/pages\/411\/revisions"}],"predecessor-version":[{"id":1786,"href":"https:\/\/www.akboru.com\/marine\/wp-json\/wp\/v2\/pages\/411\/revisions\/1786"}],"wp:attachment":[{"href":"https:\/\/www.akboru.com\/marine\/wp-json\/wp\/v2\/media?parent=411"}],"curies":[{"name":"wp","href":"https:\/\/api.w.org\/{rel}","templated":true}]}}